{"id":1637,"date":"2013-11-05T10:15:08","date_gmt":"2013-11-05T10:15:08","guid":{"rendered":"http:\/\/www.sanguesa.es\/?page_id=1637"},"modified":"2018-03-28T09:07:47","modified_gmt":"2018-03-28T07:07:47","slug":"dotacion-tecnica","status":"publish","type":"page","link":"http:\/\/www.sanguesacultura.es\/eu\/auditorio-del-carmen\/dotacion-tecnica\/","title":{"rendered":"Dotaci\u00f3n T\u00e9cnica"},"content":{"rendered":"<p><a href=\"http:\/\/www.sanguesa.es\/wp-content\/uploads\/sites\/23\/2013\/10\/FICHA-T\u00c9CNICA-DEL-AUDITORIO-DEL-CARMEN-COMPLETA.pdf\" class=\"mtli_attachment mtli_pdf\">FICHA T\u00c9CNICA DEL AUDITORIO DEL CARMEN <\/a><\/p>\n","protected":false},"excerpt":{"rendered":"<p>FICHA T\u00c9CNICA DEL AUDITORIO DEL CARMEN<\/p>\n","protected":false},"author":1,"featured_media":11273,"parent":1634,"menu_order":16,"comment_status":"closed","ping_status":"closed","template":"","meta":{"_monsterinsights_skip_tracking":false,"_monsterinsights_sitenote_active":false,"_monsterinsights_sitenote_note":"","_monsterinsights_sitenote_category":0,"footnotes":""},"class_list":["post-1637","page","type-page","status-publish","has-post-thumbnail","hentry"],"yoast_head":"<!-- This site is optimized with the Yoast SEO plugin v26.8 - https:\/\/yoast.com\/product\/yoast-seo-wordpress\/ -->\r\n<title>Dotaci\u00f3n T\u00e9cnica - ZangozaKultura<\/title>\r\n<meta name=\"robots\" content=\"index, follow, max-snippet:-1, max-image-preview:large, max-video-preview:-1\" \/>\r\n<link rel=\"canonical\" href=\"http:\/\/www.sanguesacultura.es\/eu\/auditorio-del-carmen\/dotacion-tecnica\/\" \/>\r\n<meta property=\"og:locale\" content=\"en_US\" \/>\r\n<meta property=\"og:type\" content=\"article\" \/>\r\n<meta property=\"og:title\" content=\"Dotaci\u00f3n T\u00e9cnica - ZangozaKultura\" \/>\r\n<meta property=\"og:description\" content=\"FICHA T\u00c9CNICA DEL AUDITORIO DEL CARMEN\" \/>\r\n<meta property=\"og:url\" content=\"http:\/\/www.sanguesacultura.es\/eu\/auditorio-del-carmen\/dotacion-tecnica\/\" \/>\r\n<meta property=\"og:site_name\" content=\"ZangozaKultura\" \/>\r\n<meta property=\"article:modified_time\" content=\"2018-03-28T07:07:47+00:00\" \/>\r\n<meta property=\"og:image\" content=\"http:\/\/www.sanguesacultura.es\/wp-content\/uploads\/sites\/30\/2018\/03\/cab_cul_san3.jpg\" \/>\r\n\t<meta property=\"og:image:width\" content=\"2160\" \/>\r\n\t<meta property=\"og:image:height\" content=\"400\" \/>\r\n\t<meta property=\"og:image:type\" content=\"image\/jpeg\" \/>\r\n<meta name=\"twitter:card\" content=\"summary_large_image\" \/>\r\n<script type=\"application\/ld+json\" class=\"yoast-schema-graph\">{\"@context\":\"https:\/\/schema.org\",\"@graph\":[{\"@type\":\"WebPage\",\"@id\":\"http:\/\/www.sanguesacultura.es\/eu\/auditorio-del-carmen\/dotacion-tecnica\/\",\"url\":\"http:\/\/www.sanguesacultura.es\/eu\/auditorio-del-carmen\/dotacion-tecnica\/\",\"name\":\"Dotaci\u00f3n T\u00e9cnica - ZangozaKultura\",\"isPartOf\":{\"@id\":\"http:\/\/www.sanguesacultura.es\/eu\/#website\"},\"primaryImageOfPage\":{\"@id\":\"http:\/\/www.sanguesacultura.es\/eu\/auditorio-del-carmen\/dotacion-tecnica\/#primaryimage\"},\"image\":{\"@id\":\"http:\/\/www.sanguesacultura.es\/eu\/auditorio-del-carmen\/dotacion-tecnica\/#primaryimage\"},\"thumbnailUrl\":\"http:\/\/www.sanguesacultura.es\/wp-content\/uploads\/sites\/30\/2018\/03\/cab_cul_san3.jpg\",\"datePublished\":\"2013-11-05T10:15:08+00:00\",\"dateModified\":\"2018-03-28T07:07:47+00:00\",\"breadcrumb\":{\"@id\":\"http:\/\/www.sanguesacultura.es\/eu\/auditorio-del-carmen\/dotacion-tecnica\/#breadcrumb\"},\"inLanguage\":\"eu\",\"potentialAction\":[{\"@type\":\"ReadAction\",\"target\":[[\"http:\/\/www.sanguesacultura.es\/eu\/auditorio-del-carmen\/dotacion-tecnica\/\"]]}]},{\"@type\":\"ImageObject\",\"inLanguage\":\"eu\",\"@id\":\"http:\/\/www.sanguesacultura.es\/eu\/auditorio-del-carmen\/dotacion-tecnica\/#primaryimage\",\"url\":\"http:\/\/www.sanguesacultura.es\/wp-content\/uploads\/sites\/30\/2018\/03\/cab_cul_san3.jpg\",\"contentUrl\":\"http:\/\/www.sanguesacultura.es\/wp-content\/uploads\/sites\/30\/2018\/03\/cab_cul_san3.jpg\",\"width\":2160,\"height\":400},{\"@type\":\"BreadcrumbList\",\"@id\":\"http:\/\/www.sanguesacultura.es\/eu\/auditorio-del-carmen\/dotacion-tecnica\/#breadcrumb\",\"itemListElement\":[{\"@type\":\"ListItem\",\"position\":1,\"name\":\"Home\",\"item\":\"http:\/\/www.sanguesacultura.es\/eu\/\"},{\"@type\":\"ListItem\",\"position\":2,\"name\":\"AUDITORIO DEL CARMEN\",\"item\":\"http:\/\/www.sanguesacultura.es\/eu\/auditorio-del-carmen\/\"},{\"@type\":\"ListItem\",\"position\":3,\"name\":\"Dotaci\u00f3n T\u00e9cnica\"}]},{\"@type\":\"WebSite\",\"@id\":\"http:\/\/www.sanguesacultura.es\/eu\/#website\",\"url\":\"http:\/\/www.sanguesacultura.es\/eu\/\",\"name\":\"ZangozaKultura\",\"description\":\"Kulturako Udal Zerbitzua\",\"potentialAction\":[{\"@type\":\"SearchAction\",\"target\":{\"@type\":\"EntryPoint\",\"urlTemplate\":\"http:\/\/www.sanguesacultura.es\/eu\/?s={search_term_string}\"},\"query-input\":{\"@type\":\"PropertyValueSpecification\",\"valueRequired\":true,\"valueName\":\"search_term_string\"}}],\"inLanguage\":\"eu\"}]}<\/script>\r\n<!-- \/ Yoast SEO plugin. -->","yoast_head_json":{"title":"Dotaci\u00f3n T\u00e9cnica - ZangozaKultura","robots":{"index":"index","follow":"follow","max-snippet":"max-snippet:-1","max-image-preview":"max-image-preview:large","max-video-preview":"max-video-preview:-1"},"canonical":"http:\/\/www.sanguesacultura.es\/eu\/auditorio-del-carmen\/dotacion-tecnica\/","og_locale":"en_US","og_type":"article","og_title":"Dotaci\u00f3n T\u00e9cnica - ZangozaKultura","og_description":"FICHA T\u00c9CNICA DEL AUDITORIO DEL CARMEN","og_url":"http:\/\/www.sanguesacultura.es\/eu\/auditorio-del-carmen\/dotacion-tecnica\/","og_site_name":"ZangozaKultura","article_modified_time":"2018-03-28T07:07:47+00:00","og_image":[{"width":2160,"height":400,"url":"http:\/\/www.sanguesacultura.es\/wp-content\/uploads\/sites\/30\/2018\/03\/cab_cul_san3.jpg","type":"image\/jpeg"}],"twitter_card":"summary_large_image","schema":{"@context":"https:\/\/schema.org","@graph":[{"@type":"WebPage","@id":"http:\/\/www.sanguesacultura.es\/eu\/auditorio-del-carmen\/dotacion-tecnica\/","url":"http:\/\/www.sanguesacultura.es\/eu\/auditorio-del-carmen\/dotacion-tecnica\/","name":"Dotaci\u00f3n T\u00e9cnica - ZangozaKultura","isPartOf":{"@id":"http:\/\/www.sanguesacultura.es\/eu\/#website"},"primaryImageOfPage":{"@id":"http:\/\/www.sanguesacultura.es\/eu\/auditorio-del-carmen\/dotacion-tecnica\/#primaryimage"},"image":{"@id":"http:\/\/www.sanguesacultura.es\/eu\/auditorio-del-carmen\/dotacion-tecnica\/#primaryimage"},"thumbnailUrl":"http:\/\/www.sanguesacultura.es\/wp-content\/uploads\/sites\/30\/2018\/03\/cab_cul_san3.jpg","datePublished":"2013-11-05T10:15:08+00:00","dateModified":"2018-03-28T07:07:47+00:00","breadcrumb":{"@id":"http:\/\/www.sanguesacultura.es\/eu\/auditorio-del-carmen\/dotacion-tecnica\/#breadcrumb"},"inLanguage":"eu","potentialAction":[{"@type":"ReadAction","target":[["http:\/\/www.sanguesacultura.es\/eu\/auditorio-del-carmen\/dotacion-tecnica\/"]]}]},{"@type":"ImageObject","inLanguage":"eu","@id":"http:\/\/www.sanguesacultura.es\/eu\/auditorio-del-carmen\/dotacion-tecnica\/#primaryimage","url":"http:\/\/www.sanguesacultura.es\/wp-content\/uploads\/sites\/30\/2018\/03\/cab_cul_san3.jpg","contentUrl":"http:\/\/www.sanguesacultura.es\/wp-content\/uploads\/sites\/30\/2018\/03\/cab_cul_san3.jpg","width":2160,"height":400},{"@type":"BreadcrumbList","@id":"http:\/\/www.sanguesacultura.es\/eu\/auditorio-del-carmen\/dotacion-tecnica\/#breadcrumb","itemListElement":[{"@type":"ListItem","position":1,"name":"Home","item":"http:\/\/www.sanguesacultura.es\/eu\/"},{"@type":"ListItem","position":2,"name":"AUDITORIO DEL CARMEN","item":"http:\/\/www.sanguesacultura.es\/eu\/auditorio-del-carmen\/"},{"@type":"ListItem","position":3,"name":"Dotaci\u00f3n T\u00e9cnica"}]},{"@type":"WebSite","@id":"http:\/\/www.sanguesacultura.es\/eu\/#website","url":"http:\/\/www.sanguesacultura.es\/eu\/","name":"ZangozaKultura","description":"Kulturako Udal Zerbitzua","potentialAction":[{"@type":"SearchAction","target":{"@type":"EntryPoint","urlTemplate":"http:\/\/www.sanguesacultura.es\/eu\/?s={search_term_string}"},"query-input":{"@type":"PropertyValueSpecification","valueRequired":true,"valueName":"search_term_string"}}],"inLanguage":"eu"}]}},"_links":{"self":[{"href":"http:\/\/www.sanguesacultura.es\/eu\/wp-json\/wp\/v2\/pages\/1637","targetHints":{"allow":["GET"]}}],"collection":[{"href":"http:\/\/www.sanguesacultura.es\/eu\/wp-json\/wp\/v2\/pages"}],"about":[{"href":"http:\/\/www.sanguesacultura.es\/eu\/wp-json\/wp\/v2\/types\/page"}],"author":[{"embeddable":true,"href":"http:\/\/www.sanguesacultura.es\/eu\/wp-json\/wp\/v2\/users\/1"}],"replies":[{"embeddable":true,"href":"http:\/\/www.sanguesacultura.es\/eu\/wp-json\/wp\/v2\/comments?post=1637"}],"version-history":[{"count":2,"href":"http:\/\/www.sanguesacultura.es\/eu\/wp-json\/wp\/v2\/pages\/1637\/revisions"}],"predecessor-version":[{"id":11244,"href":"http:\/\/www.sanguesacultura.es\/eu\/wp-json\/wp\/v2\/pages\/1637\/revisions\/11244"}],"up":[{"embeddable":true,"href":"http:\/\/www.sanguesacultura.es\/eu\/wp-json\/wp\/v2\/pages\/1634"}],"wp:featuredmedia":[{"embeddable":true,"href":"http:\/\/www.sanguesacultura.es\/eu\/wp-json\/wp\/v2\/media\/11273"}],"wp:attachment":[{"href":"http:\/\/www.sanguesacultura.es\/eu\/wp-json\/wp\/v2\/media?parent=1637"}],"curies":[{"name":"wp","href":"https:\/\/api.w.org\/{rel}","templated":true}]}}